{"id":223,"date":"2026-01-12T11:46:40","date_gmt":"2026-01-12T10:46:40","guid":{"rendered":"https:\/\/ads-brill-net.fr\/?page_id=223"},"modified":"2026-01-12T19:47:23","modified_gmt":"2026-01-12T18:47:23","slug":"a-propos","status":"publish","type":"page","link":"https:\/\/ads-brill-net.fr\/?page_id=223","title":{"rendered":"A propos"},"content":{"rendered":"\t\t<div data-elementor-type=\"wp-post\" data-elementor-id=\"223\" class=\"elementor elementor-223\" data-elementor-post-type=\"page\">\n\t\t\t\t<div class=\"elementor-element elementor-element-2d642b2 e-flex e-con-boxed e-con e-parent\" data-id=\"2d642b2\" data-element_type=\"container\">\n\t\t\t\t\t<div class=\"e-con-inner\">\n\t\t\t\t<div class=\"elementor-element elementor-element-31461d9 elementor-widget elementor-widget-heading\" data-id=\"31461d9\" data-element_type=\"widget\" data-widget_type=\"heading.default\">\n\t\t\t\t\t<h2 class=\"elementor-heading-title elementor-size-default\">Votre partenaire nettoyage<\/h2>\t\t\t\t<\/div>\n\t\t\t\t\t<\/div>\n\t\t\t\t<\/div>\n\t\t<div class=\"elementor-element elementor-element-9a59295 e-flex e-con-boxed e-con e-parent\" data-id=\"9a59295\" data-element_type=\"container\">\n\t\t\t\t\t<div class=\"e-con-inner\">\n\t\t\t\t<div class=\"elementor-element elementor-element-e6c4d3c elementor-widget elementor-widget-text-editor\" data-id=\"e6c4d3c\" data-element_type=\"widget\" data-widget_type=\"text-editor.default\">\n\t\t\t\t\t\t\t\t\t<p data-start=\"324\" data-end=\"914\">Je m\u2019appelle <strong data-start=\"337\" data-end=\"349\">Amandine<\/strong>, j\u2019ai 31 ans et je suis bas\u00e9e \u00e0 <strong data-start=\"382\" data-end=\"405\">Sainte-Foy-l\u00e8s-Lyon<\/strong>. V\u00e9hicul\u00e9e et disponible t\u00f4t le matin, j\u2019exerce le m\u00e9tier de <strong data-start=\"467\" data-end=\"504\">nettoyage professionnel de locaux<\/strong> avec s\u00e9rieux, rigueur et engagement.<br data-start=\"541\" data-end=\"544\" \/>J\u2019ai cr\u00e9\u00e9 mon entreprise en <strong data-start=\"572\" data-end=\"588\">janvier 2026<\/strong>, apr\u00e8s plusieurs ann\u00e9es d\u2019exp\u00e9rience dans le nettoyage de bureaux entre 2014 et 2019, en parall\u00e8le d\u2019un autre emploi. Avant cela, mon parcours professionnel \u00e9tait principalement tourn\u00e9 vers l\u2019accompagnement des personnes, notamment en <strong data-start=\"824\" data-end=\"834\">cr\u00e8che<\/strong> et en <strong data-start=\"841\" data-end=\"873\">Maison d\u2019Accueil Sp\u00e9cialis\u00e9e<\/strong> en tant qu\u2019Agent de Service Hospitalier.<\/p><p data-start=\"916\" data-end=\"1193\">J\u2019ai choisi le nettoyage professionnel parce que c\u2019est un m\u00e9tier <strong data-start=\"981\" data-end=\"1039\">utile, concret et essentiel au bien-\u00eatre des personnes<\/strong>. J\u2019accorde une grande importance au travail bien fait, au sens du d\u00e9tail et \u00e0 la satisfaction de voir un lieu propre, sain et agr\u00e9able apr\u00e8s mon passage.<\/p>\t\t\t\t\t\t\t\t<\/div>\n\t\t\t\t\t<\/div>\n\t\t\t\t<\/div>\n\t\t<div class=\"elementor-element elementor-element-7f20cf2 e-flex e-con-boxed e-con e-parent\" data-id=\"7f20cf2\" data-element_type=\"container\">\n\t\t\t\t\t<div class=\"e-con-inner\">\n\t\t\t\t<div class=\"elementor-element elementor-element-f7e7b0c elementor-widget elementor-widget-heading\" data-id=\"f7e7b0c\" data-element_type=\"widget\" data-widget_type=\"heading.default\">\n\t\t\t\t\t<h3 class=\"elementor-heading-title elementor-size-default\">Un m\u00e9tier exerc\u00e9 avec m\u00e9thode et exigence<\/h3>\t\t\t\t<\/div>\n\t\t\t\t\t<\/div>\n\t\t\t\t<\/div>\n\t\t<div class=\"elementor-element elementor-element-5652623 e-flex e-con-boxed e-con e-parent\" data-id=\"5652623\" data-element_type=\"container\">\n\t\t\t\t\t<div class=\"e-con-inner\">\n\t\t\t\t<div class=\"elementor-element elementor-element-cf54f4c elementor-widget elementor-widget-text-editor\" data-id=\"cf54f4c\" data-element_type=\"widget\" data-widget_type=\"text-editor.default\">\n\t\t\t\t\t\t\t\t\t<p data-start=\"1247\" data-end=\"1569\">J\u2019interviens principalement dans des <strong data-start=\"1284\" data-end=\"1295\">bureaux<\/strong>, <strong data-start=\"1297\" data-end=\"1319\">locaux commerciaux<\/strong>, <strong data-start=\"1321\" data-end=\"1345\">salles de s\u00e9minaires<\/strong>, <strong data-start=\"1347\" data-end=\"1363\">copropri\u00e9t\u00e9s<\/strong>, <strong data-start=\"1365\" data-end=\"1384\">salles de sport<\/strong> et <strong data-start=\"1388\" data-end=\"1409\">cabinets de sant\u00e9<\/strong>.<br data-start=\"1410\" data-end=\"1413\" \/>Mes journ\u00e9es commencent tr\u00e8s t\u00f4t, d\u00e8s <strong data-start=\"1451\" data-end=\"1468\">3h30 du matin<\/strong>, afin de m\u2019adapter aux contraintes de mes clients et de garantir des locaux propres d\u00e8s l\u2019ouverture.<\/p><p data-start=\"1571\" data-end=\"1607\">Mes prestations incluent notamment :<\/p><ul><li data-start=\"1608\" data-end=\"1634\"><p data-start=\"1610\" data-end=\"1634\">l\u2019a\u00e9ration des pi\u00e8ces,<\/p><\/li><li data-start=\"1635\" data-end=\"1663\"><p data-start=\"1637\" data-end=\"1663\">le vidage des poubelles,<\/p><\/li><li data-start=\"1664\" data-end=\"1715\"><p data-start=\"1666\" data-end=\"1715\">la d\u00e9sinfection des surfaces et des sanitaires,<\/p><\/li><li data-start=\"1666\" data-end=\"1715\">l\u2019aspiration et le lavage des sols.<\/li><\/ul><p data-start=\"1755\" data-end=\"1933\">Chaque intervention est r\u00e9alis\u00e9e dans le <strong data-start=\"1796\" data-end=\"1842\">respect strict des protocoles de nettoyage<\/strong>, avec une organisation rigoureuse et un contr\u00f4le syst\u00e9matique du travail avant mon d\u00e9part.<\/p>\t\t\t\t\t\t\t\t<\/div>\n\t\t\t\t\t<\/div>\n\t\t\t\t<\/div>\n\t\t<div class=\"elementor-element elementor-element-4e569dc e-flex e-con-boxed e-con e-parent\" data-id=\"4e569dc\" data-element_type=\"container\">\n\t\t\t\t\t<div class=\"e-con-inner\">\n\t\t\t\t<div class=\"elementor-element elementor-element-3895fa1 elementor-widget elementor-widget-heading\" data-id=\"3895fa1\" data-element_type=\"widget\" data-widget_type=\"heading.default\">\n\t\t\t\t\t<h3 class=\"elementor-heading-title elementor-size-default\">Comp\u00e9tences, formations et professionnalisme<\/h3>\t\t\t\t<\/div>\n\t\t\t\t\t<\/div>\n\t\t\t\t<\/div>\n\t\t<div class=\"elementor-element elementor-element-ac09f23 e-flex e-con-boxed e-con e-parent\" data-id=\"ac09f23\" data-element_type=\"container\">\n\t\t\t\t\t<div class=\"e-con-inner\">\n\t\t\t\t<div class=\"elementor-element elementor-element-ad329b1 elementor-widget elementor-widget-text-editor\" data-id=\"ad329b1\" data-element_type=\"widget\" data-widget_type=\"text-editor.default\">\n\t\t\t\t\t\t\t\t\t<p data-start=\"1990\" data-end=\"2358\">Titulaire d\u2019un <strong data-start=\"2005\" data-end=\"2045\">BEP Carri\u00e8res Sanitaires et Sociales<\/strong>, j\u2019ai suivi des formations sp\u00e9cifiques \u00e0 l\u2019entretien, \u00e0 l\u2019hygi\u00e8ne et aux normes sanitaires (HACCP, protocoles d\u2019hygi\u00e8ne).<br data-start=\"2167\" data-end=\"2170\" \/>Je travaille exclusivement avec des <strong data-start=\"2206\" data-end=\"2243\">produits adapt\u00e9s \u00e0 chaque surface<\/strong>, en respectant les dosages, les consignes d\u2019utilisation et les r\u00e8gles de s\u00e9curit\u00e9 afin d\u2019\u00e9viter toute d\u00e9gradation.<\/p><p data-start=\"2360\" data-end=\"2433\">Les comp\u00e9tences essentielles que je mets au service de mes clients sont :<\/p><ul data-start=\"2434\" data-end=\"2528\"><li data-start=\"2434\" data-end=\"2453\"><p data-start=\"2436\" data-end=\"2453\">la <strong data-start=\"2439\" data-end=\"2450\">rigueur<\/strong>,<\/p><\/li><li data-start=\"2454\" data-end=\"2480\"><p data-start=\"2456\" data-end=\"2480\">le <strong data-start=\"2459\" data-end=\"2477\">sens du d\u00e9tail<\/strong>,<\/p><\/li><li data-start=\"2481\" data-end=\"2509\"><p data-start=\"2483\" data-end=\"2509\">la <strong data-start=\"2486\" data-end=\"2506\">gestion du temps<\/strong>,<\/p><\/li><li data-start=\"2510\" data-end=\"2528\"><p data-start=\"2512\" data-end=\"2528\">l\u2019<strong data-start=\"2514\" data-end=\"2527\">autonomie<\/strong>.<\/p><\/li><\/ul>\t\t\t\t\t\t\t\t<\/div>\n\t\t\t\t\t<\/div>\n\t\t\t\t<\/div>\n\t\t<div class=\"elementor-element elementor-element-921584a e-flex e-con-boxed e-con e-parent\" data-id=\"921584a\" data-element_type=\"container\">\n\t\t\t\t\t<div class=\"e-con-inner\">\n\t\t\t\t<div class=\"elementor-element elementor-element-0fd46de elementor-widget elementor-widget-heading\" data-id=\"0fd46de\" data-element_type=\"widget\" data-widget_type=\"heading.default\">\n\t\t\t\t\t<h3 class=\"elementor-heading-title elementor-size-default\">Valeurs et relation de confiance<\/h3>\t\t\t\t<\/div>\n\t\t\t\t\t<\/div>\n\t\t\t\t<\/div>\n\t\t<div class=\"elementor-element elementor-element-bfb9faa e-flex e-con-boxed e-con e-parent\" data-id=\"bfb9faa\" data-element_type=\"container\">\n\t\t\t\t\t<div class=\"e-con-inner\">\n\t\t\t\t<div class=\"elementor-element elementor-element-83ed1db elementor-widget elementor-widget-text-editor\" data-id=\"83ed1db\" data-element_type=\"widget\" data-widget_type=\"text-editor.default\">\n\t\t\t\t\t\t\t\t\t<p data-start=\"2573\" data-end=\"2844\">Les valeurs qui guident mon travail sont la <strong data-start=\"2617\" data-end=\"2628\">qualit\u00e9<\/strong>, la <strong data-start=\"2633\" data-end=\"2648\">ponctualit\u00e9<\/strong>, la <strong data-start=\"2653\" data-end=\"2666\">fiabilit\u00e9<\/strong> et le <strong data-start=\"2673\" data-end=\"2684\">respect<\/strong>.<br data-start=\"2685\" data-end=\"2688\" \/>La <strong data-start=\"2691\" data-end=\"2714\">satisfaction client<\/strong> est au c\u0153ur de ma d\u00e9marche : un client satisfait repr\u00e9sente bien plus qu\u2019un contrat, c\u2019est une <strong data-start=\"2810\" data-end=\"2843\">relation de confiance durable<\/strong>.<\/p><p data-start=\"2846\" data-end=\"3147\">La confiance que mes clients m\u2019accordent en me laissant acc\u00e9der \u00e0 leurs locaux est une responsabilit\u00e9 essentielle pour moi. J\u2019interviens toujours avec <strong data-start=\"2997\" data-end=\"3011\">discr\u00e9tion<\/strong>, <strong data-start=\"3013\" data-end=\"3024\">respect<\/strong> et <strong data-start=\"3028\" data-end=\"3049\">professionnalisme<\/strong>, en garantissant la confidentialit\u00e9 des lieux, des informations et des acc\u00e8s qui me sont confi\u00e9s.<\/p><p data-start=\"3149\" data-end=\"3370\">Je privil\u00e9gie une relation bas\u00e9e sur l\u2019\u00e9coute, la communication et la r\u00e9activit\u00e9, afin d\u2019adapter chaque prestation aux besoins sp\u00e9cifiques de mes clients et de r\u00e9pondre efficacement aux demandes urgentes ou particuli\u00e8res.<\/p>\t\t\t\t\t\t\t\t<\/div>\n\t\t\t\t\t<\/div>\n\t\t\t\t<\/div>\n\t\t<div class=\"elementor-element elementor-element-8947ca9 e-flex e-con-boxed e-con e-parent\" data-id=\"8947ca9\" data-element_type=\"container\">\n\t\t\t\t\t<div class=\"e-con-inner\">\n\t\t\t\t<div class=\"elementor-element elementor-element-3c870f0 elementor-widget elementor-widget-heading\" data-id=\"3c870f0\" data-element_type=\"widget\" data-widget_type=\"heading.default\">\n\t\t\t\t\t<h3 class=\"elementor-heading-title elementor-size-default\">Ce qui me distingue<\/h3>\t\t\t\t<\/div>\n\t\t\t\t\t<\/div>\n\t\t\t\t<\/div>\n\t\t<div class=\"elementor-element elementor-element-13ef22b e-flex e-con-boxed e-con e-parent\" data-id=\"13ef22b\" data-element_type=\"container\">\n\t\t\t\t\t<div class=\"e-con-inner\">\n\t\t\t\t<div class=\"elementor-element elementor-element-0cfc14d elementor-widget elementor-widget-text-editor\" data-id=\"0cfc14d\" data-element_type=\"widget\" data-widget_type=\"text-editor.default\">\n\t\t\t\t\t\t\t\t\t<p data-start=\"3402\" data-end=\"3664\">Ce qui me distingue des autres entreprises de nettoyage, c\u2019est avant tout mon <strong data-start=\"3480\" data-end=\"3491\">s\u00e9rieux<\/strong>, ma <strong data-start=\"3496\" data-end=\"3510\">r\u00e9gularit\u00e9<\/strong> et mon <strong data-start=\"3518\" data-end=\"3546\">souci constant du d\u00e9tail<\/strong>.<br data-start=\"3547\" data-end=\"3550\" \/>Mes clients me d\u00e9crivent comme une personne <strong data-start=\"3594\" data-end=\"3608\">courageuse<\/strong>, <strong data-start=\"3610\" data-end=\"3624\">volontaire<\/strong>, investie et avec un grand sens humain.<\/p><p data-start=\"3666\" data-end=\"3775\">Chaque intervention m\u00e9rite, selon moi, le <strong data-start=\"3708\" data-end=\"3734\">m\u00eame niveau d\u2019exigence<\/strong>, quel que soit le lieu ou la prestation.<\/p>\t\t\t\t\t\t\t\t<\/div>\n\t\t\t\t\t<\/div>\n\t\t\t\t<\/div>\n\t\t<div class=\"elementor-element elementor-element-9e5016d e-flex e-con-boxed e-con e-parent\" data-id=\"9e5016d\" data-element_type=\"container\">\n\t\t\t\t\t<div class=\"e-con-inner\">\n\t\t\t\t<div class=\"elementor-element elementor-element-c2461af elementor-widget elementor-widget-heading\" data-id=\"c2461af\" data-element_type=\"widget\" data-widget_type=\"heading.default\">\n\t\t\t\t\t<h3 class=\"elementor-heading-title elementor-size-default\">Vision et avenir<\/h3>\t\t\t\t<\/div>\n\t\t\t\t\t<\/div>\n\t\t\t\t<\/div>\n\t\t<div class=\"elementor-element elementor-element-65c3964 e-flex e-con-boxed e-con e-parent\" data-id=\"65c3964\" data-element_type=\"container\">\n\t\t\t\t\t<div class=\"e-con-inner\">\n\t\t\t\t<div class=\"elementor-element elementor-element-5cc859e elementor-widget elementor-widget-text-editor\" data-id=\"5cc859e\" data-element_type=\"widget\" data-widget_type=\"text-editor.default\">\n\t\t\t\t\t\t\t\t\t<p data-start=\"3804\" data-end=\"4107\">Mon objectif est de <strong data-start=\"3824\" data-end=\"3865\">d\u00e9velopper durablement mon entreprise<\/strong>, en conservant un service fiable, personnalis\u00e9 et de qualit\u00e9, tout en \u00e9largissant progressivement ma client\u00e8le.<br data-start=\"3977\" data-end=\"3980\" \/>Je souhaite \u00e9galement diversifier mes prestations, notamment en proposant \u00e0 l\u2019avenir du <strong data-start=\"4068\" data-end=\"4106\">nettoyage de logements type Airbnb<\/strong>.<\/p><p data-start=\"4109\" data-end=\"4378\">Le m\u00e9tier de nettoyage professionnel \u00e9volue vers des services plus fiables, plus respectueux de l\u2019environnement et adapt\u00e9s \u00e0 des besoins sp\u00e9cifiques. Cette \u00e9volution valorise le savoir-faire et le professionnalisme, des valeurs auxquelles je suis profond\u00e9ment attach\u00e9e.<\/p>\t\t\t\t\t\t\t\t<\/div>\n\t\t\t\t\t<\/div>\n\t\t\t\t<\/div>\n\t\t<div class=\"elementor-element elementor-element-8740283 e-flex e-con-boxed e-con e-parent\" data-id=\"8740283\" data-element_type=\"container\">\n\t\t\t\t\t<div class=\"e-con-inner\">\n\t\t\t\t<div class=\"elementor-element elementor-element-ead9e9d elementor-widget elementor-widget-heading\" data-id=\"ead9e9d\" data-element_type=\"widget\" data-widget_type=\"heading.default\">\n\t\t\t\t\t<h3 class=\"elementor-heading-title elementor-size-default\">Mon engagement<\/h3>\t\t\t\t<\/div>\n\t\t\t\t<div class=\"elementor-element elementor-element-0bdf476 elementor-widget elementor-widget-text-editor\" data-id=\"0bdf476\" data-element_type=\"widget\" data-widget_type=\"text-editor.default\">\n\t\t\t\t\t\t\t\t\t<p>Mon engagement est simple :<br data-start=\"4432\" data-end=\"4435\" \/><strong data-start=\"4435\" data-end=\"4533\">offrir \u00e0 mes clients des espaces propres, sains et agr\u00e9ables, avec s\u00e9rieux, rigueur et respect<\/strong>, tout en garantissant un service fiable, soign\u00e9 et adapt\u00e9 \u00e0 leurs besoins.<\/p>\t\t\t\t\t\t\t\t<\/div>\n\t\t\t\t\t<\/div>\n\t\t\t\t<\/div>\n\t\t<div class=\"elementor-element elementor-element-6504aeb e-flex e-con-boxed e-con e-parent\" data-id=\"6504aeb\" data-element_type=\"container\">\n\t\t\t\t\t<div class=\"e-con-inner\">\n\t\t\t\t<div class=\"elementor-element elementor-element-0674bb6 elementor-widget elementor-widget-heading\" data-id=\"0674bb6\" data-element_type=\"widget\" data-widget_type=\"heading.default\">\n\t\t\t\t\t<h3 class=\"elementor-heading-title elementor-size-default\">N\u2019h\u00e9sitez pas \u00e0 me contacter, je serai ravie d\u2019\u00e9changer avec vous afin de vous proposer une prestation sur mesure.<\/h3>\t\t\t\t<\/div>\n\t\t\t\t<div class=\"elementor-element elementor-element-6d217e1 elementor-align-center elementor-widget elementor-widget-button\" data-id=\"6d217e1\" data-element_type=\"widget\" data-widget_type=\"button.default\">\n\t\t\t\t\t\t\t\t\t\t<a class=\"elementor-button elementor-button-link elementor-size-sm\" href=\"#\">\n\t\t\t\t\t\t<span class=\"elementor-button-content-wrapper\">\n\t\t\t\t\t\t\t\t\t<span class=\"elementor-button-text\">Contactez moi !<\/span>\n\t\t\t\t\t<\/span>\n\t\t\t\t\t<\/a>\n\t\t\t\t\t\t\t\t<\/div>\n\t\t\t\t\t<\/div>\n\t\t\t\t<\/div>\n\t\t<div class=\"elementor-element elementor-element-719c64d e-flex e-con-boxed e-con e-parent\" data-id=\"719c64d\" data-element_type=\"container\">\n\t\t\t\t\t<div class=\"e-con-inner\">\n\t\t\t\t\t<\/div>\n\t\t\t\t<\/div>\n\t\t\t\t<\/div>\n\t\t","protected":false},"excerpt":{"rendered":"<p>Votre partenaire nettoyage Je m\u2019appelle Amandine, j\u2019ai 31 ans et je suis bas\u00e9e \u00e0 Sainte-Foy-l\u00e8s-Lyon. V\u00e9hicul\u00e9e et disponible t\u00f4t le [&hellip;]<\/p>\n","protected":false},"author":1,"featured_media":0,"parent":0,"menu_order":0,"comment_status":"closed","ping_status":"closed","template":"elementor_header_footer","meta":{"site-sidebar-layout":"default","site-content-layout":"","ast-site-content-layout":"narrow-width-container","site-content-style":"default","site-sidebar-style":"default","ast-global-header-display":"","ast-banner-title-visibility":"","ast-main-header-display":"","ast-hfb-above-header-display":"","ast-hfb-below-header-display":"","ast-hfb-mobile-header-display":"","site-post-title":"disabled","ast-breadcrumbs-content":"","ast-featured-img":"disabled","footer-sml-layout":"","ast-disable-related-posts":"","theme-transparent-header-meta":"","adv-header-id-meta":"","stick-header-meta":"","header-above-stick-meta":"","header-main-stick-meta":"","header-below-stick-meta":"","astra-migrate-meta-layouts":"default","ast-page-background-enabled":"default","ast-page-background-meta":{"desktop":{"background-color":"var(--ast-global-color-5)","background-image":"","background-repeat":"repeat","background-position":"center center","background-size":"auto","background-attachment":"scroll","background-type":"","background-media":"","overlay-type":"","overlay-color":"","overlay-opacity":"","overlay-gradient":""},"tablet":{"background-color":"","background-image":"","background-repeat":"repeat","background-position":"center center","background-size":"auto","background-attachment":"scroll","background-type":"","background-media":"","overlay-type":"","overlay-color":"","overlay-opacity":"","overlay-gradient":""},"mobile":{"background-color":"","background-image":"","background-repeat":"repeat","background-position":"center center","background-size":"auto","background-attachment":"scroll","background-type":"","background-media":"","overlay-type":"","overlay-color":"","overlay-opacity":"","overlay-gradient":""}},"ast-content-background-meta":{"desktop":{"background-color":"var(--ast-global-color-4)","background-image":"","background-repeat":"repeat","background-position":"center center","background-size":"auto","background-attachment":"scroll","background-type":"","background-media":"","overlay-type":"","overlay-color":"","overlay-opacity":"","overlay-gradient":""},"tablet":{"background-color":"var(--ast-global-color-4)","background-image":"","background-repeat":"repeat","background-position":"center center","background-size":"auto","background-attachment":"scroll","background-type":"","background-media":"","overlay-type":"","overlay-color":"","overlay-opacity":"","overlay-gradient":""},"mobile":{"background-color":"var(--ast-global-color-4)","background-image":"","background-repeat":"repeat","background-position":"center center","background-size":"auto","background-attachment":"scroll","background-type":"","background-media":"","overlay-type":"","overlay-color":"","overlay-opacity":"","overlay-gradient":""}},"footnotes":""},"class_list":["post-223","page","type-page","status-publish","hentry"],"_links":{"self":[{"href":"https:\/\/ads-brill-net.fr\/index.php?rest_route=\/wp\/v2\/pages\/223","targetHints":{"allow":["GET"]}}],"collection":[{"href":"https:\/\/ads-brill-net.fr\/index.php?rest_route=\/wp\/v2\/pages"}],"about":[{"href":"https:\/\/ads-brill-net.fr\/index.php?rest_route=\/wp\/v2\/types\/page"}],"author":[{"embeddable":true,"href":"https:\/\/ads-brill-net.fr\/index.php?rest_route=\/wp\/v2\/users\/1"}],"replies":[{"embeddable":true,"href":"https:\/\/ads-brill-net.fr\/index.php?rest_route=%2Fwp%2Fv2%2Fcomments&post=223"}],"version-history":[{"count":5,"href":"https:\/\/ads-brill-net.fr\/index.php?rest_route=\/wp\/v2\/pages\/223\/revisions"}],"predecessor-version":[{"id":269,"href":"https:\/\/ads-brill-net.fr\/index.php?rest_route=\/wp\/v2\/pages\/223\/revisions\/269"}],"wp:attachment":[{"href":"https:\/\/ads-brill-net.fr\/index.php?rest_route=%2Fwp%2Fv2%2Fmedia&parent=223"}],"curies":[{"name":"wp","href":"https:\/\/api.w.org\/{rel}","templated":true}]}}