{"id":130,"date":"2025-12-06T17:38:21","date_gmt":"2025-12-06T16:38:21","guid":{"rendered":"https:\/\/ads-brill-net.fr\/?page_id=130"},"modified":"2026-01-12T18:46:09","modified_gmt":"2026-01-12T17:46:09","slug":"services","status":"publish","type":"page","link":"https:\/\/ads-brill-net.fr\/?page_id=130","title":{"rendered":"Services"},"content":{"rendered":"\t\t<div data-elementor-type=\"wp-post\" data-elementor-id=\"130\" class=\"elementor elementor-130\" data-elementor-post-type=\"page\">\n\t\t\t\t<div class=\"elementor-element elementor-element-2d642b2 e-flex e-con-boxed e-con e-parent\" data-id=\"2d642b2\" data-element_type=\"container\">\n\t\t\t\t\t<div class=\"e-con-inner\">\n\t\t\t\t<div class=\"elementor-element elementor-element-31461d9 elementor-widget elementor-widget-heading\" data-id=\"31461d9\" data-element_type=\"widget\" data-widget_type=\"heading.default\">\n\t\t\t\t\t<h2 class=\"elementor-heading-title elementor-size-default\">Nos Services<\/h2>\t\t\t\t<\/div>\n\t\t\t\t\t<\/div>\n\t\t\t\t<\/div>\n\t\t<div class=\"elementor-element elementor-element-9a59295 e-flex e-con-boxed e-con e-parent\" data-id=\"9a59295\" data-element_type=\"container\">\n\t\t\t\t\t<div class=\"e-con-inner\">\n\t\t\t\t<div class=\"elementor-element elementor-element-e6c4d3c elementor-widget elementor-widget-text-editor\" data-id=\"e6c4d3c\" data-element_type=\"widget\" data-widget_type=\"text-editor.default\">\n\t\t\t\t\t\t\t\t\t<p data-start=\"302\" data-end=\"471\">Je propose des prestations de nettoyage professionnelles adapt\u00e9es aux besoins des entreprises et des particuliers du secteur de Sainte-Foy-l\u00e8s-Lyon et de ses alentours. Chaque mission est r\u00e9alis\u00e9e avec s\u00e9rieux, m\u00e9thode et discr\u00e9tion.<\/p>\t\t\t\t\t\t\t\t<\/div>\n\t\t\t\t\t<\/div>\n\t\t\t\t<\/div>\n\t\t<div class=\"elementor-element elementor-element-7f20cf2 e-flex e-con-boxed e-con e-parent\" data-id=\"7f20cf2\" data-element_type=\"container\">\n\t\t\t\t\t<div class=\"e-con-inner\">\n\t\t\t\t<div class=\"elementor-element elementor-element-f7e7b0c elementor-widget elementor-widget-heading\" data-id=\"f7e7b0c\" data-element_type=\"widget\" data-widget_type=\"heading.default\">\n\t\t\t\t\t<h3 class=\"elementor-heading-title elementor-size-default\">Nettoyage de bureaux<\/h3>\t\t\t\t<\/div>\n\t\t\t\t\t<\/div>\n\t\t\t\t<\/div>\n\t\t<div class=\"elementor-element elementor-element-8921cf6 e-flex e-con-boxed e-con e-parent\" data-id=\"8921cf6\" data-element_type=\"container\">\n\t\t\t\t\t<div class=\"e-con-inner\">\n\t\t\t\t<div class=\"elementor-element elementor-element-83adf69 elementor-widget elementor-widget-text-editor\" data-id=\"83adf69\" data-element_type=\"widget\" data-widget_type=\"text-editor.default\">\n\t\t\t\t\t\t\t\t\t<p>Entretien r\u00e9gulier des espaces de travail afin de garantir un environnement propre, sain et agr\u00e9able pour vos collaborateurs et visiteurs :<\/p><p>&#8211; D\u00e9poussi\u00e9rage des surfaces<br \/>&#8211; Nettoyage des sols<br \/>&#8211; D\u00e9sinfection des zones de contact<br \/>&#8211; Vidage des corbeilles<br \/>&#8211; Entretien des sanitaires<\/p>\t\t\t\t\t\t\t\t<\/div>\n\t\t\t\t\t<\/div>\n\t\t\t\t<\/div>\n\t\t<div class=\"elementor-element elementor-element-0581a1a e-flex e-con-boxed e-con e-parent\" data-id=\"0581a1a\" data-element_type=\"container\">\n\t\t\t\t\t<div class=\"e-con-inner\">\n\t\t\t\t<div class=\"elementor-element elementor-element-9a3cd99 elementor-widget elementor-widget-heading\" data-id=\"9a3cd99\" data-element_type=\"widget\" data-widget_type=\"heading.default\">\n\t\t\t\t\t<h3 class=\"elementor-heading-title elementor-size-default\">Nettoyage de cabinets d'avocats<\/h3>\t\t\t\t<\/div>\n\t\t\t\t\t<\/div>\n\t\t\t\t<\/div>\n\t\t<div class=\"elementor-element elementor-element-5652623 e-flex e-con-boxed e-con e-parent\" data-id=\"5652623\" data-element_type=\"container\">\n\t\t\t\t\t<div class=\"e-con-inner\">\n\t\t\t\t<div class=\"elementor-element elementor-element-cf54f4c elementor-widget elementor-widget-text-editor\" data-id=\"cf54f4c\" data-element_type=\"widget\" data-widget_type=\"text-editor.default\">\n\t\t\t\t\t\t\t\t\t<p>Entretien r\u00e9gulier des espaces de travail afin de garantir un environnement propre, sain et agr\u00e9able pour vos collaborateurs et visiteurs :<\/p><p>&#8211; D\u00e9poussi\u00e9rage des surfaces<br \/>&#8211; Nettoyage des sols<br \/>&#8211; D\u00e9sinfection des zones de contact<br \/>&#8211; Vidage des corbeilles<br \/>&#8211; Entretien des sanitaires<\/p>\t\t\t\t\t\t\t\t<\/div>\n\t\t\t\t\t<\/div>\n\t\t\t\t<\/div>\n\t\t<div class=\"elementor-element elementor-element-4e569dc e-flex e-con-boxed e-con e-parent\" data-id=\"4e569dc\" data-element_type=\"container\">\n\t\t\t\t\t<div class=\"e-con-inner\">\n\t\t\t\t<div class=\"elementor-element elementor-element-3895fa1 elementor-widget elementor-widget-heading\" data-id=\"3895fa1\" data-element_type=\"widget\" data-widget_type=\"heading.default\">\n\t\t\t\t\t<h3 class=\"elementor-heading-title elementor-size-default\">Entretien de locaux commerciaux<\/h3>\t\t\t\t<\/div>\n\t\t\t\t\t<\/div>\n\t\t\t\t<\/div>\n\t\t<div class=\"elementor-element elementor-element-ac09f23 e-flex e-con-boxed e-con e-parent\" data-id=\"ac09f23\" data-element_type=\"container\">\n\t\t\t\t\t<div class=\"e-con-inner\">\n\t\t\t\t<div class=\"elementor-element elementor-element-ad329b1 elementor-widget elementor-widget-text-editor\" data-id=\"ad329b1\" data-element_type=\"widget\" data-widget_type=\"text-editor.default\">\n\t\t\t\t\t\t\t\t\t<p>Nettoyage des boutiques, commerces et espaces de vente afin de maintenir une image irr\u00e9prochable aupr\u00e8s de votre client\u00e8le :<\/p><p>&#8211; Sols et vitrines<br \/>&#8211; Plans de travail<br \/>&#8211; Espaces d\u2019accueil<br \/>&#8211; Sanitaires<br \/>&#8211; Zones de passage<\/p>\t\t\t\t\t\t\t\t<\/div>\n\t\t\t\t\t<\/div>\n\t\t\t\t<\/div>\n\t\t<div class=\"elementor-element elementor-element-921584a e-flex e-con-boxed e-con e-parent\" data-id=\"921584a\" data-element_type=\"container\">\n\t\t\t\t\t<div class=\"e-con-inner\">\n\t\t\t\t<div class=\"elementor-element elementor-element-0fd46de elementor-widget elementor-widget-heading\" data-id=\"0fd46de\" data-element_type=\"widget\" data-widget_type=\"heading.default\">\n\t\t\t\t\t<h3 class=\"elementor-heading-title elementor-size-default\">Entretien de copropri\u00e9t\u00e9s<\/h3>\t\t\t\t<\/div>\n\t\t\t\t\t<\/div>\n\t\t\t\t<\/div>\n\t\t<div class=\"elementor-element elementor-element-bfb9faa e-flex e-con-boxed e-con e-parent\" data-id=\"bfb9faa\" data-element_type=\"container\">\n\t\t\t\t\t<div class=\"e-con-inner\">\n\t\t\t\t<div class=\"elementor-element elementor-element-83ed1db elementor-widget elementor-widget-text-editor\" data-id=\"83ed1db\" data-element_type=\"widget\" data-widget_type=\"text-editor.default\">\n\t\t\t\t\t\t\t\t\t<p>Nettoyage des parties communes pour le confort des r\u00e9sidents :<\/p><p>&#8211; Halls d\u2019entr\u00e9e<br \/>&#8211; Escaliers et paliers<br \/>&#8211; Ascenseurs<br \/>&#8211; Locaux poubelles<br \/>&#8211; Nettoyage des sols et rampes<\/p>\t\t\t\t\t\t\t\t<\/div>\n\t\t\t\t\t<\/div>\n\t\t\t\t<\/div>\n\t\t<div class=\"elementor-element elementor-element-8947ca9 e-flex e-con-boxed e-con e-parent\" data-id=\"8947ca9\" data-element_type=\"container\">\n\t\t\t\t\t<div class=\"e-con-inner\">\n\t\t\t\t<div class=\"elementor-element elementor-element-3c870f0 elementor-widget elementor-widget-heading\" data-id=\"3c870f0\" data-element_type=\"widget\" data-widget_type=\"heading.default\">\n\t\t\t\t\t<h3 class=\"elementor-heading-title elementor-size-default\">Nettoyage de cr\u00e8ches et \u00e9coles priv\u00e9es<\/h3>\t\t\t\t<\/div>\n\t\t\t\t\t<\/div>\n\t\t\t\t<\/div>\n\t\t<div class=\"elementor-element elementor-element-13ef22b e-flex e-con-boxed e-con e-parent\" data-id=\"13ef22b\" data-element_type=\"container\">\n\t\t\t\t\t<div class=\"e-con-inner\">\n\t\t\t\t<div class=\"elementor-element elementor-element-0cfc14d elementor-widget elementor-widget-text-editor\" data-id=\"0cfc14d\" data-element_type=\"widget\" data-widget_type=\"text-editor.default\">\n\t\t\t\t\t\t\t\t\t<p>Prestations adapt\u00e9es aux lieux accueillant des enfants, avec une attention particuli\u00e8re port\u00e9e \u00e0 l\u2019hygi\u00e8ne :<\/p><p>&#8211; D\u00e9sinfection des surfaces<br \/>&#8211; Nettoyage des sanitaires<br \/>&#8211; Entretien des sols<br \/>&#8211; Vidage des poubelles<br \/>&#8211; A\u00e9ration des pi\u00e8ces<\/p>\t\t\t\t\t\t\t\t<\/div>\n\t\t\t\t\t<\/div>\n\t\t\t\t<\/div>\n\t\t<div class=\"elementor-element elementor-element-9e5016d e-flex e-con-boxed e-con e-parent\" data-id=\"9e5016d\" data-element_type=\"container\">\n\t\t\t\t\t<div class=\"e-con-inner\">\n\t\t\t\t<div class=\"elementor-element elementor-element-c2461af elementor-widget elementor-widget-heading\" data-id=\"c2461af\" data-element_type=\"widget\" data-widget_type=\"heading.default\">\n\t\t\t\t\t<h3 class=\"elementor-heading-title elementor-size-default\">Nettoyage de structures m\u00e9dicales et param\u00e9dicales<\/h3>\t\t\t\t<\/div>\n\t\t\t\t\t<\/div>\n\t\t\t\t<\/div>\n\t\t<div class=\"elementor-element elementor-element-65c3964 e-flex e-con-boxed e-con e-parent\" data-id=\"65c3964\" data-element_type=\"container\">\n\t\t\t\t\t<div class=\"e-con-inner\">\n\t\t\t\t<div class=\"elementor-element elementor-element-5cc859e elementor-widget elementor-widget-text-editor\" data-id=\"5cc859e\" data-element_type=\"widget\" data-widget_type=\"text-editor.default\">\n\t\t\t\t\t\t\t\t\t<p>Respect des normes d\u2019hygi\u00e8ne et de propret\u00e9 dans les cabinets m\u00e9dicaux et \u00e9tablissements de sant\u00e9 :<\/p><p>&#8211; D\u00e9sinfection des surfaces<br \/>&#8211; Entretien des salles d\u2019attente<br \/>&#8211; Nettoyage des sanitaires<br \/>&#8211; Aspiration et lavage des sols<br \/>&#8211; Vidage des d\u00e9chets<\/p>\t\t\t\t\t\t\t\t<\/div>\n\t\t\t\t\t<\/div>\n\t\t\t\t<\/div>\n\t\t<div class=\"elementor-element elementor-element-8740283 e-flex e-con-boxed e-con e-parent\" data-id=\"8740283\" data-element_type=\"container\">\n\t\t\t\t\t<div class=\"e-con-inner\">\n\t\t\t\t<div class=\"elementor-element elementor-element-ead9e9d elementor-widget elementor-widget-heading\" data-id=\"ead9e9d\" data-element_type=\"widget\" data-widget_type=\"heading.default\">\n\t\t\t\t\t<h3 class=\"elementor-heading-title elementor-size-default\">Nettoyage Salon de Coiffure<\/h3>\t\t\t\t<\/div>\n\t\t\t\t<div class=\"elementor-element elementor-element-0bdf476 elementor-widget elementor-widget-text-editor\" data-id=\"0bdf476\" data-element_type=\"widget\" data-widget_type=\"text-editor.default\">\n\t\t\t\t\t\t\t\t\t<p>Prestations compl\u00e8tes pour assurer une excellente exp\u00e9rience \u00e0 vos voyageurs :<\/p><p>&#8211; Nettoyage des mirroirs<br \/>&#8211; Nettoyage des bacs \u00e0 shampoing<br \/>&#8211; Nettoyage des fauteuils<br \/>&#8211; Nettoyage de la poussi\u00e8re<br \/>&#8211; D\u00e9sinfection des sanitaires<br \/>&#8211; D\u00e9sinfection des cuisines<br \/>&#8211; D\u00e9sinfection des plans de travails<br \/>&#8211; Aspiration et lavage des sols<\/p>\t\t\t\t\t\t\t\t<\/div>\n\t\t\t\t\t<\/div>\n\t\t\t\t<\/div>\n\t\t<div class=\"elementor-element elementor-element-26735b7 e-flex e-con-boxed e-con e-parent\" data-id=\"26735b7\" data-element_type=\"container\">\n\t\t\t\t\t<div class=\"e-con-inner\">\n\t\t\t\t<div class=\"elementor-element elementor-element-356ac97 elementor-widget elementor-widget-heading\" data-id=\"356ac97\" data-element_type=\"widget\" data-widget_type=\"heading.default\">\n\t\t\t\t\t<h3 class=\"elementor-heading-title elementor-size-default\">Fr\u00e9quence des prestations &amp; zone d\u2019intervention<\/h3>\t\t\t\t<\/div>\n\t\t\t\t<div class=\"elementor-element elementor-element-d74a958 elementor-widget elementor-widget-text-editor\" data-id=\"d74a958\" data-element_type=\"widget\" data-widget_type=\"text-editor.default\">\n\t\t\t\t\t\t\t\t\t<p>Je propose des prestations r\u00e9guli\u00e8res (entretien journalier ou hebdomadaire) ainsi que des interventions ponctuelles, avec des solutions personnalis\u00e9es selon vos besoins.<\/p><p>J\u2019interviens \u00e0 Sainte-Foy-l\u00e8s-Lyon et ses alentours : Chaponost, Brignais, Francheville, Brindas, Oullins, La Mulati\u00e8re, ainsi qu\u2019\u00e0 Lyon 6 et Villeurbanne selon disponibilit\u00e9s.<\/p>\t\t\t\t\t\t\t\t<\/div>\n\t\t\t\t\t<\/div>\n\t\t\t\t<\/div>\n\t\t<div class=\"elementor-element elementor-element-ec0bcc3 e-flex e-con-boxed e-con e-parent\" data-id=\"ec0bcc3\" data-element_type=\"container\">\n\t\t\t\t\t<div class=\"e-con-inner\">\n\t\t<div class=\"elementor-element elementor-element-24ba979 e-con-full e-flex e-con e-child\" data-id=\"24ba979\" data-element_type=\"container\">\n\t\t\t\t<div class=\"elementor-element elementor-element-b10a3f1 elementor-widget elementor-widget-heading\" data-id=\"b10a3f1\" data-element_type=\"widget\" data-widget_type=\"heading.default\">\n\t\t\t\t\t<h3 class=\"elementor-heading-title elementor-size-default\">Nos Tarifs<\/h3>\t\t\t\t<\/div>\n\t\t\t\t<\/div>\n\t\t<div class=\"elementor-element elementor-element-57008ea e-con-full e-flex e-con e-child\" data-id=\"57008ea\" data-element_type=\"container\">\n\t\t\t\t<div class=\"elementor-element elementor-element-0da8c7d elementor-widget elementor-widget-text-editor\" data-id=\"0da8c7d\" data-element_type=\"widget\" data-widget_type=\"text-editor.default\">\n\t\t\t\t\t\t\t\t\t<p>Nos prestations sont factur\u00e9es :\ud83d\udcb6 25 \u20ac de l\u2019heure (HT)<\/p><p><strong>Devis gratuit, clair et sans engagement.<\/strong><\/p>\t\t\t\t\t\t\t\t<\/div>\n\t\t\t\t<\/div>\n\t\t\t\t\t<\/div>\n\t\t\t\t<\/div>\n\t\t<div class=\"elementor-element elementor-element-0b4ed5a e-flex e-con-boxed e-con e-parent\" data-id=\"0b4ed5a\" data-element_type=\"container\">\n\t\t\t\t\t<div class=\"e-con-inner\">\n\t\t\t\t<div class=\"elementor-element elementor-element-0755986 elementor-widget elementor-widget-heading\" data-id=\"0755986\" data-element_type=\"widget\" data-widget_type=\"heading.default\">\n\t\t\t\t\t<h3 class=\"elementor-heading-title elementor-size-default\">N\u2019h\u00e9sitez pas \u00e0 me contacter, je serai ravie d\u2019\u00e9changer avec vous afin de vous proposer une prestation sur mesure.<\/h3>\t\t\t\t<\/div>\n\t\t\t\t<div class=\"elementor-element elementor-element-26283a5 elementor-align-center elementor-widget elementor-widget-button\" data-id=\"26283a5\" data-element_type=\"widget\" data-widget_type=\"button.default\">\n\t\t\t\t\t\t\t\t\t\t<a class=\"elementor-button elementor-button-link elementor-size-sm\" href=\"#\">\n\t\t\t\t\t\t<span class=\"elementor-button-content-wrapper\">\n\t\t\t\t\t\t\t\t\t<span class=\"elementor-button-text\">Contactez moi !<\/span>\n\t\t\t\t\t<\/span>\n\t\t\t\t\t<\/a>\n\t\t\t\t\t\t\t\t<\/div>\n\t\t\t\t\t<\/div>\n\t\t\t\t<\/div>\n\t\t\t\t<\/div>\n\t\t","protected":false},"excerpt":{"rendered":"<p>Nos Services Je propose des prestations de nettoyage professionnelles adapt\u00e9es aux besoins des entreprises et des particuliers du secteur de [&hellip;]<\/p>\n","protected":false},"author":1,"featured_media":0,"parent":0,"menu_order":0,"comment_status":"closed","ping_status":"closed","template":"elementor_header_footer","meta":{"site-sidebar-layout":"default","site-content-layout":"","ast-site-content-layout":"narrow-width-container","site-content-style":"default","site-sidebar-style":"default","ast-global-header-display":"","ast-banner-title-visibility":"","ast-main-header-display":"","ast-hfb-above-header-display":"","ast-hfb-below-header-display":"","ast-hfb-mobile-header-display":"","site-post-title":"disabled","ast-breadcrumbs-content":"","ast-featured-img":"disabled","footer-sml-layout":"","ast-disable-related-posts":"","theme-transparent-header-meta":"","adv-header-id-meta":"","stick-header-meta":"","header-above-stick-meta":"","header-main-stick-meta":"","header-below-stick-meta":"","astra-migrate-meta-layouts":"default","ast-page-background-enabled":"default","ast-page-background-meta":{"desktop":{"background-color":"var(--ast-global-color-5)","background-image":"","background-repeat":"repeat","background-position":"center center","background-size":"auto","background-attachment":"scroll","background-type":"","background-media":"","overlay-type":"","overlay-color":"","overlay-opacity":"","overlay-gradient":""},"tablet":{"background-color":"","background-image":"","background-repeat":"repeat","background-position":"center center","background-size":"auto","background-attachment":"scroll","background-type":"","background-media":"","overlay-type":"","overlay-color":"","overlay-opacity":"","overlay-gradient":""},"mobile":{"background-color":"","background-image":"","background-repeat":"repeat","background-position":"center center","background-size":"auto","background-attachment":"scroll","background-type":"","background-media":"","overlay-type":"","overlay-color":"","overlay-opacity":"","overlay-gradient":""}},"ast-content-background-meta":{"desktop":{"background-color":"var(--ast-global-color-4)","background-image":"","background-repeat":"repeat","background-position":"center center","background-size":"auto","background-attachment":"scroll","background-type":"","background-media":"","overlay-type":"","overlay-color":"","overlay-opacity":"","overlay-gradient":""},"tablet":{"background-color":"var(--ast-global-color-4)","background-image":"","background-repeat":"repeat","background-position":"center center","background-size":"auto","background-attachment":"scroll","background-type":"","background-media":"","overlay-type":"","overlay-color":"","overlay-opacity":"","overlay-gradient":""},"mobile":{"background-color":"var(--ast-global-color-4)","background-image":"","background-repeat":"repeat","background-position":"center center","background-size":"auto","background-attachment":"scroll","background-type":"","background-media":"","overlay-type":"","overlay-color":"","overlay-opacity":"","overlay-gradient":""}},"footnotes":""},"class_list":["post-130","page","type-page","status-publish","hentry"],"_links":{"self":[{"href":"https:\/\/ads-brill-net.fr\/index.php?rest_route=\/wp\/v2\/pages\/130","targetHints":{"allow":["GET"]}}],"collection":[{"href":"https:\/\/ads-brill-net.fr\/index.php?rest_route=\/wp\/v2\/pages"}],"about":[{"href":"https:\/\/ads-brill-net.fr\/index.php?rest_route=\/wp\/v2\/types\/page"}],"author":[{"embeddable":true,"href":"https:\/\/ads-brill-net.fr\/index.php?rest_route=\/wp\/v2\/users\/1"}],"replies":[{"embeddable":true,"href":"https:\/\/ads-brill-net.fr\/index.php?rest_route=%2Fwp%2Fv2%2Fcomments&post=130"}],"version-history":[{"count":5,"href":"https:\/\/ads-brill-net.fr\/index.php?rest_route=\/wp\/v2\/pages\/130\/revisions"}],"predecessor-version":[{"id":266,"href":"https:\/\/ads-brill-net.fr\/index.php?rest_route=\/wp\/v2\/pages\/130\/revisions\/266"}],"wp:attachment":[{"href":"https:\/\/ads-brill-net.fr\/index.php?rest_route=%2Fwp%2Fv2%2Fmedia&parent=130"}],"curies":[{"name":"wp","href":"https:\/\/api.w.org\/{rel}","templated":true}]}}